{"id":188,"date":"2025-12-23T13:40:44","date_gmt":"2025-12-23T13:40:44","guid":{"rendered":"http:\/\/www.aliceai.io\/?page_id=188"},"modified":"2026-02-19T14:41:57","modified_gmt":"2026-02-19T14:41:57","slug":"terveydenhuolto","status":"publish","type":"page","link":"https:\/\/www.aliceai.io\/?page_id=188","title":{"rendered":"Terveydenhuolto"},"content":{"rendered":"\n<div class=\"wp-block-cover alignfull\" style=\"margin-top:0;margin-bottom:0;padding-top:0;padding-bottom:0;min-height:700px;aspect-ratio:unset;\"><img loading=\"lazy\" decoding=\"async\" width=\"960\" height=\"540\" class=\"wp-block-cover__image-background wp-image-598 size-full\" alt=\"\" src=\"https:\/\/www.aliceai.io\/wp-content\/uploads\/2026\/02\/5.jpg\" data-object-fit=\"cover\" srcset=\"https:\/\/www.aliceai.io\/wp-content\/uploads\/2026\/02\/5.jpg 960w, https:\/\/www.aliceai.io\/wp-content\/uploads\/2026\/02\/5-300x169.jpg 300w\" sizes=\"auto, (max-width: 960px) 100vw, 960px\" \/><span aria-hidden=\"true\" class=\"wp-block-cover__background has-background-dim-40 has-background-dim\" style=\"background-color:#19666c\"><\/span><div class=\"wp-block-cover__inner-container has-global-padding is-layout-constrained wp-block-cover-is-layout-constrained\">\n<p><\/p>\n\n\n\n<p><\/p>\n\n\n\n<p><\/p>\n\n\n\n<div class=\"wp-block-columns is-layout-flex wp-container-core-columns-is-layout-28f84493 wp-block-columns-is-layout-flex\">\n<div class=\"wp-block-column is-layout-flow wp-block-column-is-layout-flow\"><\/div>\n\n\n\n<div class=\"wp-block-column is-layout-flow wp-block-column-is-layout-flow\">\n<p class=\"has-x-large-font-size\">AliceAI Learning\u00ae<br>Healthcare<\/p>\n\n\n\n<p class=\"has-medium-font-size\">Sujuvaa suomen kielt\u00e4 hoitoty\u00f6n arkeen.<\/p>\n<\/div>\n<\/div>\n\n\n\n<p class=\"has-text-align-center has-text-color\" style=\"color:#66ffff;margin-top:var(--wp--preset--spacing--x-small);margin-right:0;margin-bottom:var(--wp--preset--spacing--x-small);margin-left:0;font-size:clamp(18.959px, 1.185rem + ((1vw - 3.2px) * 0.977), 30px);\"><em><br><\/em><\/p>\n\n\n\n<div style=\"height:55px\" aria-hidden=\"true\" class=\"wp-block-spacer\"><\/div>\n<\/div><\/div>\n\n\n\n<div class=\"wp-block-cover alignfull is-light is-position-center-center\" style=\"border-radius:0px\"><span aria-hidden=\"true\" class=\"wp-block-cover__background has-background-background-color has-background-dim-100 has-background-dim\"><\/span><div class=\"wp-block-cover__inner-container is-layout-flow wp-block-cover-is-layout-flow\">\n<div class=\"wp-block-group has-global-padding is-layout-constrained wp-block-group-is-layout-constrained\">\n<h3 class=\"wp-block-heading has-text-align-center has-text-color has-large-font-size\" style=\"color:#7ca3a8;text-transform:none\"><br><br>AliceAI Learning\u00ae Healthcare vahvistaa terveydenhuollon ammattilaisten toimintakyky\u00e4 kehitt\u00e4m\u00e4ll\u00e4 selke\u00e4\u00e4 suomenkielist\u00e4 viestint\u00e4\u00e4 hoitoty\u00f6n arjessa.<\/h3>\n\n\n\n<p class=\"has-text-align-center has-white-color has-text-color\"><\/p>\n\n\n\n<div style=\"height:31px\" aria-hidden=\"true\" class=\"wp-block-spacer\"><\/div>\n\n\n\n<div class=\"wp-block-buttons is-horizontal is-content-justification-center is-layout-flex wp-container-core-buttons-is-layout-03627597 wp-block-buttons-is-layout-flex\"><\/div>\n<\/div>\n<\/div><\/div>\n\n\n\n<div class=\"wp-block-group alignfull has-background has-global-padding is-layout-constrained wp-block-group-is-layout-constrained\" style=\"background-color:#f1f3ff\">\n<div class=\"wp-block-group has-global-padding is-layout-constrained wp-block-group-is-layout-constrained\" style=\"padding-top:var(--wp--preset--spacing--small);padding-bottom:var(--wp--preset--spacing--small)\">\n<div style=\"height:30px\" aria-hidden=\"true\" class=\"wp-block-spacer\"><\/div>\n\n\n\n<div class=\"wp-block-columns is-layout-flex wp-container-core-columns-is-layout-c375d253 wp-block-columns-is-layout-flex\">\n<div class=\"wp-block-column is-vertically-aligned-center is-layout-flow wp-block-column-is-layout-flow\">\n<h2 class=\"wp-block-heading has-text-color has-link-color has-large-font-size wp-elements-88b8a22a7219e4e4d5110f1497fe2b8e\" style=\"color:#0c283f;text-transform:none\">Sujuva viestint\u00e4 hoitoty\u00f6ss\u00e4<\/h2>\n\n\n\n<p class=\"has-text-color has-link-color wp-elements-dcdb25fa80d6f1d7bd478bed2ba98cd7\" style=\"color:#0c283f\"><strong>AliceAI Learning\u00ae Healthcare tukee terveydenhuollon ammattilaisia suomenkielisess\u00e4 viestinn\u00e4ss\u00e4 hoitoty\u00f6n arjessa.<\/strong> Ratkaisu vahvistaa toimintakyky\u00e4 monikulttuurisissa ty\u00f6yhteis\u00f6iss\u00e4, joissa vuorovaikutus on keskeinen osa potilasturvallisuutta ja ty\u00f6n laatua.<\/p>\n\n\n\n<p class=\"has-text-color has-link-color wp-elements-30fa7c6acac947d0d57666bc0c49f87c\" style=\"color:#0c283f\">Oppiminen perustuu hoitoty\u00f6n todellisiin vuorovaikutustilanteisiin ja mikro-oppimiseen, joka sulautuu luontevasti ty\u00f6p\u00e4iv\u00e4\u00e4n. Keskusteluun painottuva sis\u00e4lt\u00f6 ja teko\u00e4lyavusteinen harjoittelu tukevat sujuvaa kielenk\u00e4ytt\u00f6\u00e4 ja ammatillista varmuutta.<\/p>\n\n\n\n<p class=\"has-text-color has-link-color wp-elements-8062099745871f0e82e7f101e54b1405\" style=\"color:#0c283f\"><strong>AliceAI Learning\u00ae toteuttaa kohdennettua, roolipohjaista ja skenaarioihin perustuvaa mobiilioppimista ilman paikkasidonnaisuutta.<\/strong><\/p>\n\n\n\n<div class=\"wp-block-buttons is-horizontal is-content-justification-left is-layout-flex wp-container-core-buttons-is-layout-20be11b6 wp-block-buttons-is-layout-flex\">\n<div class=\"wp-block-button is-style-outline is-style-outline--1\"><a class=\"wp-block-button__link has-white-color has-text-color has-background has-link-color wp-element-button\" href=\"https:\/\/www.aliceai.io\/?page_id=10\" style=\"border-radius:60px;background-color:#0c283f;padding-right:var(--wp--preset--spacing--medium);padding-left:var(--wp--preset--spacing--medium)\">Sovi demo<\/a><\/div>\n<\/div>\n\n\n\n<p><\/p>\n<\/div>\n\n\n\n<div class=\"wp-block-column is-layout-flow wp-block-column-is-layout-flow\">\n<figure class=\"wp-block-image size-full\"><img loading=\"lazy\" decoding=\"async\" width=\"513\" height=\"571\" src=\"https:\/\/www.aliceai.io\/wp-content\/uploads\/2025\/12\/health_1.jpg\" alt=\"\" class=\"wp-image-217\" srcset=\"https:\/\/www.aliceai.io\/wp-content\/uploads\/2025\/12\/health_1.jpg 513w, https:\/\/www.aliceai.io\/wp-content\/uploads\/2025\/12\/health_1-270x300.jpg 270w\" sizes=\"auto, (max-width: 513px) 100vw, 513px\" \/><\/figure>\n<\/div>\n<\/div>\n\n\n\n<div style=\"height:30px\" aria-hidden=\"true\" class=\"wp-block-spacer\"><\/div>\n<\/div>\n<\/div>\n\n\n\n<div class=\"wp-block-group alignfull has-background has-global-padding is-layout-constrained wp-block-group-is-layout-constrained\" style=\"background-color:#7ca3a8\">\n<div class=\"wp-block-group has-global-padding is-layout-constrained wp-block-group-is-layout-constrained\" style=\"padding-top:var(--wp--preset--spacing--small);padding-bottom:var(--wp--preset--spacing--small)\">\n<div style=\"height:30px\" aria-hidden=\"true\" class=\"wp-block-spacer\"><\/div>\n\n\n\n<div class=\"wp-block-columns is-layout-flex wp-container-core-columns-is-layout-c375d253 wp-block-columns-is-layout-flex\">\n<div class=\"wp-block-column is-vertically-aligned-center is-layout-flow wp-block-column-is-layout-flow\">\n<p style=\"letter-spacing:1px\">SOTE-PILOTIT K\u00c4YNNISTYNEET 12\/2025<\/p>\n\n\n\n<h2 class=\"wp-block-heading has-text-color has-link-color has-large-font-size wp-elements-aff6249d56f1e2133ad3d94506a0ce60\" style=\"color:#0c283f;text-transform:none\">RobotAI 2 &#8211; \u00e4lyk\u00e4st\u00e4 teknologiaa sote-alalle<\/h2>\n\n\n\n<p class=\"has-text-color has-link-color has-medium-font-size wp-elements-d85433d2ce40af5487ef7d7d2d4d738c\" style=\"color:#0c283f\"><strong>AliceAI Learning\u00ae -sovelluksen ensimm\u00e4iset sote-alan pilotit k\u00e4ynnistyiv\u00e4t joulukuun 2025 alussa kolmessa yksityisen sektorin sosiaali- ja terveydenhuollon organisaatiossa.<\/strong> Pilotit toteutetaan yhteisty\u00f6ss\u00e4 RobotAI2 \u2013 \u00e4lyk\u00e4st\u00e4 teknologiaa sote-alalle -hankkeen sek\u00e4 Laurea University of Applied Sciencesin kanssa. Pilotoinnin aikana ker\u00e4t\u00e4\u00e4n tutkimusaineistoa, jota hy\u00f6dynnet\u00e4\u00e4n It\u00e4-Suomen yliopiston v\u00e4it\u00f6skirjatutkimuksessa sek\u00e4 kahdessa Laurean YAMK-opinn\u00e4ytety\u00f6ss\u00e4.<\/p>\n\n\n\n<p class=\"has-text-color has-link-color has-medium-font-size wp-elements-21463a0f4fb3c8c9755f09eba750fc43\" style=\"color:#0c283f\">Pilottien tavoitteena on tuottaa uutta tietoa siit\u00e4, miten monikulttuurisissa ty\u00f6yhteis\u00f6iss\u00e4 tapahtuvaa kielenoppimista voidaan tukea teko\u00e4lyavusteisella mobiilisovelluksella. <br><br><strong>Lis\u00e4tietoa hankkeesta:<\/strong> RobotAI2-hanke tuo kokeilujen kautta \u00e4lyk\u00e4st\u00e4 teknologiaa, kuten robotiikkaa ja teko\u00e4ly\u00e4, sote-alalle sek\u00e4 vahvistaa alan yhteisty\u00f6verkostoa. Hanketta koordinoi Laurea University of Applied Sciences ja sit\u00e4 rahoittaa Uudenmaan liitto ajalla 1.1.2025\u201331.12.2026.<\/p>\n\n\n\n<figure class=\"wp-block-image size-large is-resized\"><img loading=\"lazy\" decoding=\"async\" width=\"1024\" height=\"370\" src=\"https:\/\/www.aliceai.io\/wp-content\/uploads\/2025\/12\/Uudenmaan-liitto-vaakalogo-1024x370.png\" alt=\"\" class=\"wp-image-290\" style=\"width:288px;height:auto\" srcset=\"https:\/\/www.aliceai.io\/wp-content\/uploads\/2025\/12\/Uudenmaan-liitto-vaakalogo-1024x370.png 1024w, https:\/\/www.aliceai.io\/wp-content\/uploads\/2025\/12\/Uudenmaan-liitto-vaakalogo-300x108.png 300w, https:\/\/www.aliceai.io\/wp-content\/uploads\/2025\/12\/Uudenmaan-liitto-vaakalogo-2000x722.png 2000w\" sizes=\"auto, (max-width: 1024px) 100vw, 1024px\" \/><\/figure>\n\n\n\n<figure class=\"wp-block-image size-large is-resized\"><img loading=\"lazy\" decoding=\"async\" width=\"1024\" height=\"321\" src=\"https:\/\/www.aliceai.io\/wp-content\/uploads\/2025\/12\/laurea-vaakalogo_rgb-1024x321.png\" alt=\"\" class=\"wp-image-292\" style=\"width:297px;height:auto\" srcset=\"https:\/\/www.aliceai.io\/wp-content\/uploads\/2025\/12\/laurea-vaakalogo_rgb-1024x321.png 1024w, https:\/\/www.aliceai.io\/wp-content\/uploads\/2025\/12\/laurea-vaakalogo_rgb-300x94.png 300w, https:\/\/www.aliceai.io\/wp-content\/uploads\/2025\/12\/laurea-vaakalogo_rgb.png 1313w\" sizes=\"auto, (max-width: 1024px) 100vw, 1024px\" \/><\/figure>\n\n\n\n<div class=\"wp-block-buttons is-horizontal is-content-justification-left is-layout-flex wp-container-core-buttons-is-layout-20be11b6 wp-block-buttons-is-layout-flex\"><\/div>\n\n\n\n<p><\/p>\n<\/div>\n<\/div>\n\n\n\n<div style=\"height:30px\" aria-hidden=\"true\" class=\"wp-block-spacer\"><\/div>\n<\/div>\n<\/div>\n\n\n\n<div id=\"services\" class=\"wp-block-group alignfull pattern_multiple_covers has-background has-background-background-color has-global-padding is-layout-constrained wp-block-group-is-layout-constrained\" style=\"border-style:none;border-width:0px;min-height:0px;padding-top:0;padding-bottom:0\">\n<div style=\"height:84px;width:0px\" aria-hidden=\"true\" class=\"wp-block-spacer\"><\/div>\n\n\n\n<p class=\"has-text-align-left has-secondary-color has-text-color\" style=\"letter-spacing:1px\">KENELLE<\/p>\n\n\n\n<h2 class=\"wp-block-heading has-text-align-left has-text-color has-link-color has-large-font-size wp-elements-c0fc388757ce2a0348984f010f708559\" style=\"color:#0c283f\">AliceAI Learning\u00ae on r\u00e4\u00e4t\u00e4l\u00f6ity puolustussektorin ja terveydenhuollon vaativiin toimintaymp\u00e4rist\u00f6ihin, joissa kielellinen varmuus tukee turvallista ja tehokasta toimintaa.<br><\/h2>\n\n\n\n<p class=\"has-text-align-left\"><\/p>\n\n\n\n<div style=\"height:46px;width:0px\" aria-hidden=\"true\" class=\"wp-block-spacer\"><\/div>\n\n\n\n<div class=\"wp-block-columns is-layout-flex wp-container-core-columns-is-layout-28f84493 wp-block-columns-is-layout-flex\">\n<div class=\"wp-block-column is-layout-flow wp-block-column-is-layout-flow\" style=\"padding-top:0;padding-right:0;padding-bottom:0;padding-left:0\">\n<div class=\"wp-block-cover has-custom-content-position is-position-bottom-left\" style=\"padding-top:var(--wp--preset--spacing--small);padding-right:var(--wp--preset--spacing--x-small);padding-bottom:var(--wp--preset--spacing--small);padding-left:var(--wp--preset--spacing--x-small)\"><img loading=\"lazy\" decoding=\"async\" width=\"1024\" height=\"576\" class=\"wp-block-cover__image-background wp-image-114 size-large\" alt=\"\" src=\"https:\/\/www.aliceai.io\/wp-content\/uploads\/2025\/12\/2-1024x576.jpg\" data-object-fit=\"cover\" srcset=\"https:\/\/www.aliceai.io\/wp-content\/uploads\/2025\/12\/2-1024x576.jpg 1024w, https:\/\/www.aliceai.io\/wp-content\/uploads\/2025\/12\/2-300x169.jpg 300w, https:\/\/www.aliceai.io\/wp-content\/uploads\/2025\/12\/2.jpg 1920w\" sizes=\"auto, (max-width: 1024px) 100vw, 1024px\" \/><span aria-hidden=\"true\" class=\"wp-block-cover__background has-primary-background-color has-background-dim-70 has-background-dim\"><\/span><div class=\"wp-block-cover__inner-container is-layout-flow wp-block-cover-is-layout-flow\">\n<h3 class=\"wp-block-heading has-white-color has-text-color\" style=\"margin-top:0;margin-right:0;margin-bottom:0;margin-left:0;font-size:clamp(18.959px, 1.185rem + ((1vw - 3.2px) * 0.977), 30px);\">AliceAI Learning\u00ae Defence <\/h3>\n\n\n\n<p class=\"has-secondary-color has-text-color has-link-color wp-elements-1cdd3cc40e1fa1fb5db899e8deaf3554\" style=\"margin-top:0;margin-right:0;margin-bottom:0;margin-left:0\"><a href=\"https:\/\/www.aliceai.io\/?page_id=69\" data-type=\"page\" data-id=\"69\">Katso lis\u00e4\u00e4 \u2192<\/a><\/p>\n<\/div><\/div>\n<\/div>\n\n\n\n<div class=\"wp-block-column is-layout-flow wp-block-column-is-layout-flow\" style=\"padding-top:0;padding-right:0;padding-bottom:0;padding-left:0\">\n<div class=\"wp-block-cover has-custom-content-position is-position-bottom-left\" style=\"padding-top:var(--wp--preset--spacing--small);padding-right:var(--wp--preset--spacing--x-small);padding-bottom:var(--wp--preset--spacing--small);padding-left:var(--wp--preset--spacing--x-small)\"><img loading=\"lazy\" decoding=\"async\" width=\"1024\" height=\"576\" class=\"wp-block-cover__image-background wp-image-115 size-large\" alt=\"\" src=\"https:\/\/www.aliceai.io\/wp-content\/uploads\/2025\/12\/3-1024x576.jpg\" data-object-fit=\"cover\" srcset=\"https:\/\/www.aliceai.io\/wp-content\/uploads\/2025\/12\/3-1024x576.jpg 1024w, https:\/\/www.aliceai.io\/wp-content\/uploads\/2025\/12\/3-300x169.jpg 300w, https:\/\/www.aliceai.io\/wp-content\/uploads\/2025\/12\/3.jpg 1920w\" sizes=\"auto, (max-width: 1024px) 100vw, 1024px\" \/><span aria-hidden=\"true\" class=\"wp-block-cover__background has-primary-background-color has-background-dim-70 has-background-dim\"><\/span><div class=\"wp-block-cover__inner-container is-layout-flow wp-block-cover-is-layout-flow\">\n<h3 class=\"wp-block-heading has-white-color has-text-color\" style=\"margin-top:0;margin-right:0;margin-bottom:0;margin-left:0;font-size:clamp(18.959px, 1.185rem + ((1vw - 3.2px) * 0.977), 30px);\">AliceAI Learning\u00ae Healthcare<\/h3>\n\n\n\n<p class=\"has-secondary-color has-text-color has-link-color wp-elements-85b86156309932a5cd10574d3fcc1ba6\" style=\"margin-top:0;margin-right:0;margin-bottom:0;margin-left:0\"><a href=\"https:\/\/www.aliceai.io\/?page_id=188\" data-type=\"page\" data-id=\"188\">Katso lis\u00e4\u00e4 \u2192<\/a><\/p>\n<\/div><\/div>\n<\/div>\n\n\n\n<div class=\"wp-block-column is-layout-flow wp-block-column-is-layout-flow\" style=\"padding-top:0;padding-right:0;padding-bottom:0;padding-left:0\">\n<div class=\"wp-block-cover has-custom-content-position is-position-bottom-left\" style=\"padding-top:var(--wp--preset--spacing--small);padding-right:var(--wp--preset--spacing--x-small);padding-bottom:var(--wp--preset--spacing--small);padding-left:var(--wp--preset--spacing--x-small)\"><img loading=\"lazy\" decoding=\"async\" width=\"1024\" height=\"576\" class=\"wp-block-cover__image-background wp-image-116 size-large\" alt=\"\" src=\"https:\/\/www.aliceai.io\/wp-content\/uploads\/2025\/12\/9-1024x576.jpg\" data-object-fit=\"cover\" srcset=\"https:\/\/www.aliceai.io\/wp-content\/uploads\/2025\/12\/9-1024x576.jpg 1024w, https:\/\/www.aliceai.io\/wp-content\/uploads\/2025\/12\/9-300x169.jpg 300w, https:\/\/www.aliceai.io\/wp-content\/uploads\/2025\/12\/9.jpg 1920w\" sizes=\"auto, (max-width: 1024px) 100vw, 1024px\" \/><span aria-hidden=\"true\" class=\"wp-block-cover__background has-primary-background-color has-background-dim-70 has-background-dim\"><\/span><div class=\"wp-block-cover__inner-container is-layout-flow wp-block-cover-is-layout-flow\">\n<h3 class=\"wp-block-heading has-white-color has-text-color\" style=\"margin-top:0;margin-right:0;margin-bottom:0;margin-left:0;font-size:clamp(18.959px, 1.185rem + ((1vw - 3.2px) * 0.977), 30px);\">AliceAI Learning\u00ae General FI<\/h3>\n\n\n\n<p class=\"has-secondary-color has-text-color has-link-color wp-elements-15aa200ad8d8247d42014031b6bfb006\" style=\"margin-top:0;margin-right:0;margin-bottom:0;margin-left:0\"><a href=\"https:\/\/www.aliceai.io\/?page_id=192\" data-type=\"page\" data-id=\"192\">Katso lis\u00e4\u00e4 \u2192<\/a><\/p>\n<\/div><\/div>\n<\/div>\n<\/div>\n\n\n\n<div style=\"height:103px;width:0px\" aria-hidden=\"true\" class=\"wp-block-spacer\"><\/div>\n<\/div>\n","protected":false},"excerpt":{"rendered":"<p>Sujuva viestint\u00e4 hoitoty\u00f6ss\u00e4 AliceAI Learning\u00ae Healthcare tukee terveydenhuollon ammattilaisia suomenkielisess\u00e4 viestinn\u00e4ss\u00e4 hoitoty\u00f6n arjessa. Ratkaisu vahvistaa toimintakyky\u00e4 monikulttuurisissa ty\u00f6yhteis\u00f6iss\u00e4, joissa vuorovaikutus on keskeinen osa potilasturvallisuutta ja ty\u00f6n laatua. Oppiminen perustuu hoitoty\u00f6n todellisiin vuorovaikutustilanteisiin ja mikro-oppimiseen, joka sulautuu luontevasti ty\u00f6p\u00e4iv\u00e4\u00e4n. Keskusteluun painottuva sis\u00e4lt\u00f6 ja teko\u00e4lyavusteinen harjoittelu tukevat sujuvaa kielenk\u00e4ytt\u00f6\u00e4 ja ammatillista varmuutta. AliceAI Learning\u00ae toteuttaa kohdennettua, roolipohjaista &hellip; <\/p>\n<p class=\"link-more\"><a href=\"https:\/\/www.aliceai.io\/?page_id=188\" class=\"more-link\">Read more<span class=\"screen-reader-text\"> &#8220;Terveydenhuolto&#8221;<\/span><\/a><\/p>\n","protected":false},"author":2,"featured_media":0,"parent":0,"menu_order":0,"comment_status":"closed","ping_status":"closed","template":"page-templates\/homepage-builder-bb.php","meta":{"inspiro_hide_title":false,"footnotes":""},"class_list":["post-188","page","type-page","status-publish","hentry"],"_links":{"self":[{"href":"https:\/\/www.aliceai.io\/index.php?rest_route=\/wp\/v2\/pages\/188","targetHints":{"allow":["GET"]}}],"collection":[{"href":"https:\/\/www.aliceai.io\/index.php?rest_route=\/wp\/v2\/pages"}],"about":[{"href":"https:\/\/www.aliceai.io\/index.php?rest_route=\/wp\/v2\/types\/page"}],"author":[{"embeddable":true,"href":"https:\/\/www.aliceai.io\/index.php?rest_route=\/wp\/v2\/users\/2"}],"replies":[{"embeddable":true,"href":"https:\/\/www.aliceai.io\/index.php?rest_route=%2Fwp%2Fv2%2Fcomments&post=188"}],"version-history":[{"count":26,"href":"https:\/\/www.aliceai.io\/index.php?rest_route=\/wp\/v2\/pages\/188\/revisions"}],"predecessor-version":[{"id":624,"href":"https:\/\/www.aliceai.io\/index.php?rest_route=\/wp\/v2\/pages\/188\/revisions\/624"}],"wp:attachment":[{"href":"https:\/\/www.aliceai.io\/index.php?rest_route=%2Fwp%2Fv2%2Fmedia&parent=188"}],"curies":[{"name":"wp","href":"https:\/\/api.w.org\/{rel}","templated":true}]}}