{"id":192,"date":"2025-12-23T13:41:57","date_gmt":"2025-12-23T13:41:57","guid":{"rendered":"http:\/\/www.aliceai.io\/?page_id=192"},"modified":"2025-12-23T21:36:21","modified_gmt":"2025-12-23T21:36:21","slug":"yleiskieli","status":"publish","type":"page","link":"https:\/\/www.aliceai.io\/?page_id=192","title":{"rendered":"Yleiskieli"},"content":{"rendered":"\n<div class=\"wp-block-cover alignfull\" style=\"margin-top:0;margin-bottom:0;padding-top:0;padding-bottom:0;min-height:866px;aspect-ratio:unset;\"><span aria-hidden=\"true\" class=\"wp-block-cover__background has-background-dim-100 has-background-dim\" style=\"background-color:#0c283f\"><\/span><div class=\"wp-block-cover__inner-container has-global-padding is-layout-constrained wp-block-cover-is-layout-constrained\">\n<p class=\"has-text-align-center has-border-color has-white-color has-text-color has-max-48-font-size\" style=\"border-color:#66ffff;border-width:6px;border-radius:60px;padding-top:var(--wp--preset--spacing--x-large);padding-right:var(--wp--preset--spacing--x-small);padding-bottom:var(--wp--preset--spacing--x-large);padding-left:var(--wp--preset--spacing--x-small);font-style:normal;font-weight:900;line-height:1.2\">AliceAI Learning\u00ae<br>General FI<\/p>\n\n\n\n<p><\/p>\n\n\n\n<p class=\"has-text-align-center has-text-color\" style=\"color:#66ffff;margin-top:var(--wp--preset--spacing--medium);margin-right:0;margin-bottom:var(--wp--preset--spacing--medium);margin-left:0;font-size:clamp(18.959px, 1.185rem + ((1vw - 3.2px) * 0.977), 30px);\">Yleiskieli ty\u00f6paikkaviestinn\u00e4ss\u00e4.<\/p>\n\n\n\n<div style=\"height:55px\" aria-hidden=\"true\" class=\"wp-block-spacer\"><\/div>\n\n\n\n<div class=\"wp-block-buttons is-content-justification-center is-layout-flex wp-container-core-buttons-is-layout-a89b3969 wp-block-buttons-is-layout-flex\">\n<div class=\"wp-block-button is-style-outline is-style-outline--1\"><a class=\"wp-block-button__link has-primary-color has-text-color has-background wp-element-button\" href=\"https:\/\/www.aliceai.io\/?page_id=10\" style=\"border-radius:30px;background-color:#66ffff;padding-right:var(--wp--preset--spacing--medium);padding-left:var(--wp--preset--spacing--medium)\"><strong>Liity odotuslistalle<\/strong><\/a><\/div>\n<\/div>\n<\/div><\/div>\n\n\n\n<div class=\"wp-block-cover alignfull has-parallax is-position-center-center\" style=\"border-radius:0px\"><div class=\"wp-block-cover__image-background wp-image-158 size-large has-parallax\" style=\"background-position:50% 50%;background-image:url(https:\/\/www.aliceai.io\/wp-content\/uploads\/2025\/12\/7-1024x576.jpg)\"><\/div><span aria-hidden=\"true\" class=\"wp-block-cover__background has-black-background-color has-background-dim-40 has-background-dim\"><\/span><div class=\"wp-block-cover__inner-container is-layout-flow wp-block-cover-is-layout-flow\">\n<div class=\"wp-block-group has-global-padding is-layout-constrained wp-block-group-is-layout-constrained\">\n<h3 class=\"wp-block-heading has-text-align-center has-text-color has-large-font-size\" style=\"color:#fffffa;text-transform:none\"><br><br>Opi suomen kielt\u00e4, joka tukee ty\u00f6llistymist\u00e4, onnistumista ty\u00f6ss\u00e4 ja ty\u00f6paikan yleist\u00e4 viestint\u00e4\u00e4.<\/h3>\n\n\n\n<div style=\"height:31px\" aria-hidden=\"true\" class=\"wp-block-spacer\"><\/div>\n\n\n\n<div class=\"wp-block-buttons is-horizontal is-content-justification-center is-layout-flex wp-container-core-buttons-is-layout-03627597 wp-block-buttons-is-layout-flex\"><\/div>\n<\/div>\n<\/div><\/div>\n\n\n\n<div class=\"wp-block-group alignfull has-background has-global-padding is-layout-constrained wp-block-group-is-layout-constrained\" style=\"background-color:#f1f3ff\">\n<div class=\"wp-block-group has-global-padding is-layout-constrained wp-block-group-is-layout-constrained\" style=\"padding-top:var(--wp--preset--spacing--small);padding-bottom:var(--wp--preset--spacing--small)\">\n<div style=\"height:30px\" aria-hidden=\"true\" class=\"wp-block-spacer\"><\/div>\n\n\n\n<div class=\"wp-block-columns is-layout-flex wp-container-core-columns-is-layout-c375d253 wp-block-columns-is-layout-flex\">\n<div class=\"wp-block-column is-vertically-aligned-center is-layout-flow wp-block-column-is-layout-flow\">\n<h2 class=\"wp-block-heading has-text-color has-link-color has-large-font-size wp-elements-c684ec1f597496de4c4c009d995a99e6\" style=\"color:#0c283f;text-transform:none\"><em>Yleiskieli ty\u00f6paikkaviestinn\u00e4ss\u00e4<\/em><\/h2>\n\n\n\n<p class=\"has-text-color has-link-color wp-elements-1a0df8378c73902072917eb769221a4e\" style=\"color:#0c283f\"><strong>AliceAI Learning\u00ae General FI -kokonaisuus<\/strong> tarjoaa yleisen suomen kielen kielipaketin, joka tukee sujuvaa ja varmaa viestint\u00e4\u00e4 ty\u00f6paikalla.<\/p>\n\n\n\n<p>Kokonaisuus kehitt\u00e4\u00e4 arjen ty\u00f6tilanteissa tarvittavaa suomen kielen osaamista ja edist\u00e4\u00e4 ty\u00f6llistymist\u00e4 Suomessa. Se vahvistaa valmiuksia osallistua ty\u00f6paikan keskusteluihin, ymm\u00e4rt\u00e4\u00e4 ohjeita sek\u00e4 viesti\u00e4 selke\u00e4sti kollegoiden ja esihenkil\u00f6iden kanssa.<\/p>\n\n\n\n<p class=\"has-text-color has-link-color wp-elements-8675ff540b28202b37ec0ce2ba199d3c\" style=\"color:#0c283f\">K\u00e4yt\u00e4nn\u00f6nl\u00e4heinen toteutus tekee oppimisesta tehokasta ja helposti sovellettavaa ty\u00f6arkeen.<\/p>\n\n\n\n<div class=\"wp-block-buttons is-horizontal is-content-justification-left is-layout-flex wp-container-core-buttons-is-layout-20be11b6 wp-block-buttons-is-layout-flex\">\n<div class=\"wp-block-button is-style-outline is-style-outline--2\"><a class=\"wp-block-button__link has-white-color has-text-color has-background has-link-color wp-element-button\" href=\"https:\/\/www.aliceai.io\/?page_id=10\" style=\"border-radius:60px;background-color:#0c283f;padding-right:var(--wp--preset--spacing--medium);padding-left:var(--wp--preset--spacing--medium)\">Liity odotuslistalle<\/a><\/div>\n<\/div>\n\n\n\n<p><\/p>\n<\/div>\n\n\n\n<div class=\"wp-block-column is-layout-flow wp-block-column-is-layout-flow\">\n<figure class=\"wp-block-image size-full\"><img loading=\"lazy\" decoding=\"async\" width=\"509\" height=\"569\" src=\"https:\/\/www.aliceai.io\/wp-content\/uploads\/2025\/12\/general_1.jpg\" alt=\"\" class=\"wp-image-216\" srcset=\"https:\/\/www.aliceai.io\/wp-content\/uploads\/2025\/12\/general_1.jpg 509w, https:\/\/www.aliceai.io\/wp-content\/uploads\/2025\/12\/general_1-268x300.jpg 268w\" sizes=\"auto, (max-width: 509px) 100vw, 509px\" \/><\/figure>\n<\/div>\n<\/div>\n\n\n\n<div style=\"height:30px\" aria-hidden=\"true\" class=\"wp-block-spacer\"><\/div>\n<\/div>\n<\/div>\n\n\n\n<div id=\"services\" class=\"wp-block-group alignfull pattern_multiple_covers has-background has-global-padding is-layout-constrained wp-block-group-is-layout-constrained\" style=\"border-style:none;border-width:0px;background-color:#19676d;min-height:0px;padding-top:0;padding-bottom:0\">\n<div style=\"height:84px;width:0px\" aria-hidden=\"true\" class=\"wp-block-spacer\"><\/div>\n\n\n\n<p class=\"has-text-align-left has-secondary-color has-text-color\" style=\"letter-spacing:1px\">KENELLE<\/p>\n\n\n\n<h2 class=\"wp-block-heading has-text-align-left has-background-color has-text-color has-link-color has-large-font-size wp-elements-63a2f1ab7994e792c10eaa8ff74ffbd7\">AliceAI Learning\u00ae on r\u00e4\u00e4t\u00e4l\u00f6ity puolustussektorin ja terveydenhuollon vaativiin toimintaymp\u00e4rist\u00f6ihin, joissa kielellinen varmuus tukee turvallista ja tehokasta toimintaa.<\/h2>\n\n\n\n<p class=\"has-text-align-left\"><\/p>\n\n\n\n<div style=\"height:46px;width:0px\" aria-hidden=\"true\" class=\"wp-block-spacer\"><\/div>\n\n\n\n<div class=\"wp-block-columns is-layout-flex wp-container-core-columns-is-layout-28f84493 wp-block-columns-is-layout-flex\">\n<div class=\"wp-block-column is-layout-flow wp-block-column-is-layout-flow\" style=\"padding-top:0;padding-right:0;padding-bottom:0;padding-left:0\">\n<div class=\"wp-block-cover has-custom-content-position is-position-bottom-left\" style=\"padding-top:var(--wp--preset--spacing--small);padding-right:var(--wp--preset--spacing--x-small);padding-bottom:var(--wp--preset--spacing--small);padding-left:var(--wp--preset--spacing--x-small)\"><img loading=\"lazy\" decoding=\"async\" width=\"1024\" height=\"576\" class=\"wp-block-cover__image-background wp-image-114 size-large\" alt=\"\" src=\"https:\/\/www.aliceai.io\/wp-content\/uploads\/2025\/12\/2-1024x576.jpg\" data-object-fit=\"cover\" srcset=\"https:\/\/www.aliceai.io\/wp-content\/uploads\/2025\/12\/2-1024x576.jpg 1024w, https:\/\/www.aliceai.io\/wp-content\/uploads\/2025\/12\/2-300x169.jpg 300w, https:\/\/www.aliceai.io\/wp-content\/uploads\/2025\/12\/2.jpg 1920w\" sizes=\"auto, (max-width: 1024px) 100vw, 1024px\" \/><span aria-hidden=\"true\" class=\"wp-block-cover__background has-primary-background-color has-background-dim-70 has-background-dim\"><\/span><div class=\"wp-block-cover__inner-container is-layout-flow wp-block-cover-is-layout-flow\">\n<h3 class=\"wp-block-heading has-white-color has-text-color\" style=\"margin-top:0;margin-right:0;margin-bottom:0;margin-left:0;font-size:clamp(18.959px, 1.185rem + ((1vw - 3.2px) * 0.977), 30px);\">AliceAI Learning\u00ae Defence <\/h3>\n\n\n\n<p><\/p>\n\n\n\n<p class=\"has-secondary-color has-text-color has-link-color wp-elements-1cdd3cc40e1fa1fb5db899e8deaf3554\" style=\"margin-top:0;margin-right:0;margin-bottom:0;margin-left:0\"><a href=\"https:\/\/www.aliceai.io\/?page_id=69\" data-type=\"page\" data-id=\"69\">Katso lis\u00e4\u00e4 \u2192<\/a><\/p>\n<\/div><\/div>\n<\/div>\n\n\n\n<div class=\"wp-block-column is-layout-flow wp-block-column-is-layout-flow\" style=\"padding-top:0;padding-right:0;padding-bottom:0;padding-left:0\">\n<div class=\"wp-block-cover has-custom-content-position is-position-bottom-left\" style=\"padding-top:var(--wp--preset--spacing--small);padding-right:var(--wp--preset--spacing--x-small);padding-bottom:var(--wp--preset--spacing--small);padding-left:var(--wp--preset--spacing--x-small)\"><img loading=\"lazy\" decoding=\"async\" width=\"1024\" height=\"576\" class=\"wp-block-cover__image-background wp-image-115 size-large\" alt=\"\" src=\"https:\/\/www.aliceai.io\/wp-content\/uploads\/2025\/12\/3-1024x576.jpg\" data-object-fit=\"cover\" srcset=\"https:\/\/www.aliceai.io\/wp-content\/uploads\/2025\/12\/3-1024x576.jpg 1024w, https:\/\/www.aliceai.io\/wp-content\/uploads\/2025\/12\/3-300x169.jpg 300w, https:\/\/www.aliceai.io\/wp-content\/uploads\/2025\/12\/3.jpg 1920w\" sizes=\"auto, (max-width: 1024px) 100vw, 1024px\" \/><span aria-hidden=\"true\" class=\"wp-block-cover__background has-primary-background-color has-background-dim-70 has-background-dim\"><\/span><div class=\"wp-block-cover__inner-container is-layout-flow wp-block-cover-is-layout-flow\">\n<h3 class=\"wp-block-heading has-white-color has-text-color\" style=\"margin-top:0;margin-right:0;margin-bottom:0;margin-left:0;font-size:clamp(18.959px, 1.185rem + ((1vw - 3.2px) * 0.977), 30px);\">AliceAI Learning\u00ae Healthcare<br><\/h3>\n\n\n\n<p class=\"has-secondary-color has-text-color has-link-color wp-elements-85b86156309932a5cd10574d3fcc1ba6\" style=\"margin-top:0;margin-right:0;margin-bottom:0;margin-left:0\"><a href=\"https:\/\/www.aliceai.io\/?page_id=188\" data-type=\"page\" data-id=\"188\">Katso lis\u00e4\u00e4 \u2192<\/a><\/p>\n<\/div><\/div>\n<\/div>\n\n\n\n<div class=\"wp-block-column is-layout-flow wp-block-column-is-layout-flow\" style=\"padding-top:0;padding-right:0;padding-bottom:0;padding-left:0\">\n<div class=\"wp-block-cover has-custom-content-position is-position-bottom-left\" style=\"padding-top:var(--wp--preset--spacing--small);padding-right:var(--wp--preset--spacing--x-small);padding-bottom:var(--wp--preset--spacing--small);padding-left:var(--wp--preset--spacing--x-small)\"><img loading=\"lazy\" decoding=\"async\" width=\"1024\" height=\"576\" class=\"wp-block-cover__image-background wp-image-116 size-large\" alt=\"\" src=\"https:\/\/www.aliceai.io\/wp-content\/uploads\/2025\/12\/9-1024x576.jpg\" data-object-fit=\"cover\" srcset=\"https:\/\/www.aliceai.io\/wp-content\/uploads\/2025\/12\/9-1024x576.jpg 1024w, https:\/\/www.aliceai.io\/wp-content\/uploads\/2025\/12\/9-300x169.jpg 300w, https:\/\/www.aliceai.io\/wp-content\/uploads\/2025\/12\/9.jpg 1920w\" sizes=\"auto, (max-width: 1024px) 100vw, 1024px\" \/><span aria-hidden=\"true\" class=\"wp-block-cover__background has-primary-background-color has-background-dim-70 has-background-dim\"><\/span><div class=\"wp-block-cover__inner-container is-layout-flow wp-block-cover-is-layout-flow\">\n<h3 class=\"wp-block-heading has-white-color has-text-color\" style=\"margin-top:0;margin-right:0;margin-bottom:0;margin-left:0;font-size:clamp(18.959px, 1.185rem + ((1vw - 3.2px) * 0.977), 30px);\">AliceAI Learning\u00ae General FI<br><\/h3>\n\n\n\n<p class=\"has-secondary-color has-text-color has-link-color wp-elements-15aa200ad8d8247d42014031b6bfb006\" style=\"margin-top:0;margin-right:0;margin-bottom:0;margin-left:0\"><a href=\"https:\/\/www.aliceai.io\/?page_id=192\" data-type=\"page\" data-id=\"192\">Katso lis\u00e4\u00e4 \u2192<\/a><\/p>\n<\/div><\/div>\n<\/div>\n<\/div>\n\n\n\n<div style=\"height:103px;width:0px\" aria-hidden=\"true\" class=\"wp-block-spacer\"><\/div>\n<\/div>\n\n\n","protected":false},"excerpt":{"rendered":"<p>Yleiskieli ty\u00f6paikkaviestinn\u00e4ss\u00e4 AliceAI Learning\u00ae General FI -kokonaisuus tarjoaa yleisen suomen kielen kielipaketin, joka tukee sujuvaa ja varmaa viestint\u00e4\u00e4 ty\u00f6paikalla. Kokonaisuus kehitt\u00e4\u00e4 arjen ty\u00f6tilanteissa tarvittavaa suomen kielen osaamista ja edist\u00e4\u00e4 ty\u00f6llistymist\u00e4 Suomessa. Se vahvistaa valmiuksia osallistua ty\u00f6paikan keskusteluihin, ymm\u00e4rt\u00e4\u00e4 ohjeita sek\u00e4 viesti\u00e4 selke\u00e4sti kollegoiden ja esihenkil\u00f6iden kanssa. K\u00e4yt\u00e4nn\u00f6nl\u00e4heinen toteutus tekee oppimisesta tehokasta ja helposti sovellettavaa ty\u00f6arkeen. &hellip; <\/p>\n<p class=\"link-more\"><a href=\"https:\/\/www.aliceai.io\/?page_id=192\" class=\"more-link\">Read more<span class=\"screen-reader-text\"> &#8220;Yleiskieli&#8221;<\/span><\/a><\/p>\n","protected":false},"author":2,"featured_media":0,"parent":0,"menu_order":0,"comment_status":"closed","ping_status":"closed","template":"page-templates\/homepage-builder-bb.php","meta":{"inspiro_hide_title":false,"footnotes":""},"class_list":["post-192","page","type-page","status-publish","hentry"],"_links":{"self":[{"href":"https:\/\/www.aliceai.io\/index.php?rest_route=\/wp\/v2\/pages\/192","targetHints":{"allow":["GET"]}}],"collection":[{"href":"https:\/\/www.aliceai.io\/index.php?rest_route=\/wp\/v2\/pages"}],"about":[{"href":"https:\/\/www.aliceai.io\/index.php?rest_route=\/wp\/v2\/types\/page"}],"author":[{"embeddable":true,"href":"https:\/\/www.aliceai.io\/index.php?rest_route=\/wp\/v2\/users\/2"}],"replies":[{"embeddable":true,"href":"https:\/\/www.aliceai.io\/index.php?rest_route=%2Fwp%2Fv2%2Fcomments&post=192"}],"version-history":[{"count":15,"href":"https:\/\/www.aliceai.io\/index.php?rest_route=\/wp\/v2\/pages\/192\/revisions"}],"predecessor-version":[{"id":390,"href":"https:\/\/www.aliceai.io\/index.php?rest_route=\/wp\/v2\/pages\/192\/revisions\/390"}],"wp:attachment":[{"href":"https:\/\/www.aliceai.io\/index.php?rest_route=%2Fwp%2Fv2%2Fmedia&parent=192"}],"curies":[{"name":"wp","href":"https:\/\/api.w.org\/{rel}","templated":true}]}}