{"id":40,"date":"2025-12-23T10:11:08","date_gmt":"2025-12-23T10:11:08","guid":{"rendered":"http:\/\/www.aliceai.io\/?page_id=40"},"modified":"2026-02-19T14:43:32","modified_gmt":"2026-02-19T14:43:32","slug":"palvelu","status":"publish","type":"page","link":"https:\/\/www.aliceai.io\/?page_id=40","title":{"rendered":"Palvelu"},"content":{"rendered":"\n<div class=\"wp-block-cover alignfull\" style=\"margin-top:0;margin-bottom:0;padding-top:0;padding-bottom:0;min-height:700px;aspect-ratio:unset;\"><img loading=\"lazy\" decoding=\"async\" width=\"960\" height=\"540\" class=\"wp-block-cover__image-background wp-image-598 size-full\" alt=\"\" src=\"https:\/\/www.aliceai.io\/wp-content\/uploads\/2026\/02\/5.jpg\" data-object-fit=\"cover\" srcset=\"https:\/\/www.aliceai.io\/wp-content\/uploads\/2026\/02\/5.jpg 960w, https:\/\/www.aliceai.io\/wp-content\/uploads\/2026\/02\/5-300x169.jpg 300w\" sizes=\"auto, (max-width: 960px) 100vw, 960px\" \/><span aria-hidden=\"true\" class=\"wp-block-cover__background has-background-dim-40 has-background-dim\" style=\"background-color:#19666c\"><\/span><div class=\"wp-block-cover__inner-container has-global-padding is-layout-constrained wp-block-cover-is-layout-constrained\">\n<div class=\"wp-block-columns is-layout-flex wp-container-core-columns-is-layout-28f84493 wp-block-columns-is-layout-flex\">\n<div class=\"wp-block-column is-layout-flow wp-block-column-is-layout-flow\"><\/div>\n\n\n\n<div class=\"wp-block-column is-layout-flow wp-block-column-is-layout-flow\">\n<p class=\"has-x-large-font-size\">Palvelu<\/p>\n\n\n\n<p class=\"has-medium-font-size\">Ammattikielt\u00e4 puolustussektorin ja terveydenhuollon <br>ammattilaisten vaativiin erityistarpeisiin.<\/p>\n\n\n\n<div class=\"wp-block-buttons is-content-justification-left is-layout-flex wp-container-core-buttons-is-layout-fc4fd283 wp-block-buttons-is-layout-flex\">\n<div class=\"wp-block-button is-style-outline is-style-outline--1\"><a class=\"wp-block-button__link has-text-color has-background wp-element-button\" href=\"https:\/\/www.aliceai.io\/?page_id=10\" style=\"border-style:none;border-width:0px;border-radius:30px;color:#083642;background-color:#4fd1c5;padding-top:15px;padding-right:var(--wp--preset--spacing--medium);padding-bottom:15px;padding-left:var(--wp--preset--spacing--medium)\"><strong>Ota yhteytt\u00e4<\/strong><\/a><\/div>\n<\/div>\n<\/div>\n<\/div>\n\n\n\n<div class=\"wp-block-columns is-layout-flex wp-container-core-columns-is-layout-28f84493 wp-block-columns-is-layout-flex\">\n<div class=\"wp-block-column is-layout-flow wp-block-column-is-layout-flow\"><\/div>\n\n\n\n<div class=\"wp-block-column is-layout-flow wp-block-column-is-layout-flow\"><\/div>\n<\/div>\n<\/div><\/div>\n\n\n\n<div class=\"wp-block-cover alignfull is-light is-position-center-center has-text-color has-link-color wp-elements-9bb8b176f921c20d17d2b4bfd9318b67\" style=\"border-radius:0px;color:#7ca3a8;min-height:399px;aspect-ratio:unset;\"><span aria-hidden=\"true\" class=\"wp-block-cover__background has-background-background-color has-background-dim-100 has-background-dim\"><\/span><div class=\"wp-block-cover__inner-container is-layout-flow wp-block-cover-is-layout-flow\">\n<div class=\"wp-block-group has-global-padding is-layout-constrained wp-block-group-is-layout-constrained\">\n<h3 class=\"wp-block-heading has-text-align-center has-text-color has-large-font-size\" style=\"color:#7ca3a8;text-transform:none\">Toimintakyky\u00e4 ja varmuutta omaan kieliosaamiseen kriittisiss\u00e4 kansainv\u00e4lisiss\u00e4 tilanteissa ja monikielisiss\u00e4 ty\u00f6yhteis\u00f6iss\u00e4.<\/h3>\n\n\n\n<p class=\"has-text-align-center has-white-color has-text-color\"><\/p>\n\n\n\n<div style=\"height:31px\" aria-hidden=\"true\" class=\"wp-block-spacer\"><\/div>\n<\/div>\n<\/div><\/div>\n\n\n\n<div class=\"wp-block-group alignfull has-white-background-color has-background has-global-padding is-layout-constrained wp-block-group-is-layout-constrained\">\n<div class=\"wp-block-group has-global-padding is-layout-constrained wp-block-group-is-layout-constrained\" style=\"padding-top:var(--wp--preset--spacing--small);padding-bottom:var(--wp--preset--spacing--small)\">\n<div style=\"height:30px\" aria-hidden=\"true\" class=\"wp-block-spacer\"><\/div>\n\n\n\n<div class=\"wp-block-columns is-layout-flex wp-container-core-columns-is-layout-c375d253 wp-block-columns-is-layout-flex\">\n<div class=\"wp-block-column is-vertically-aligned-center is-layout-flow wp-block-column-is-layout-flow\">\n<h2 class=\"wp-block-heading has-text-color has-link-color has-large-font-size wp-elements-588d3e7642bffa3d1c125b2b799aa201\" style=\"color:#0c283f;text-transform:none\">Ammattikielen oppimista mobiilisti<\/h2>\n\n\n\n<p class=\"has-text-color has-link-color wp-elements-4cf493c76c4913ca3a8b34252493862d\" style=\"color:#0c283f\"><strong>AliceAI Learning\u00ae -mobiilisovellus on ammattikielen oppimiseen suunniteltu helppok\u00e4ytt\u00f6inen mobiilisovellus.<\/strong> Se toteuttaa puolustussektorin ja terveydenhuollon ammattirooleihin kohdennettua mobiilipohjaista oppimista.<br><br>Lyhyet, mikro-oppimiseen perustuvat tuokiot on helppo rytmitt\u00e4\u00e4 osaksi ty\u00f6p\u00e4iv\u00e4\u00e4, jolloin ammattikielen kehitt\u00e4misest\u00e4 tulee luonteva p\u00e4ivitt\u00e4inen rutiini. V\u00e4lit\u00f6n palaute kohdistaa oppimisen olennaiseen ja nopeuttaa ammatillisen kielitaidon kehittymist\u00e4. J\u00e4rjestelm\u00e4 seuraa suorituksia ja tukee hallittua, vaiheittaista etenemist\u00e4.<\/p>\n\n\n\n<p class=\"has-text-color has-link-color wp-elements-84de7789a709fc08132801f1cf312ce7\" style=\"color:#0c283f\">Sovellus on rakennettu skaalautuvaksi ja laajennettavaksi eri toimialoille ja kielille. Tekninen toteutus mahdollistaa my\u00f6s organisaatiokohtaiset, r\u00e4\u00e4t\u00e4l\u00f6idyt k\u00e4ytt\u00f6tavat ja tarvittaessa my\u00f6s sis\u00e4ll\u00f6t.<\/p>\n\n\n\n<div class=\"wp-block-buttons is-horizontal is-content-justification-left is-layout-flex wp-container-core-buttons-is-layout-20be11b6 wp-block-buttons-is-layout-flex\">\n<div class=\"wp-block-button is-style-outline is-style-outline--2\"><a class=\"wp-block-button__link has-white-color has-text-color has-background has-link-color has-border-color has-background-border-color wp-element-button\" href=\"https:\/\/www.aliceai.io\/?page_id=10\" style=\"border-radius:30px;background-color:#0c283f;padding-right:var(--wp--preset--spacing--small);padding-left:var(--wp--preset--spacing--small)\">Sovi demo<\/a><\/div>\n<\/div>\n<\/div>\n\n\n\n<div class=\"wp-block-column is-layout-flow wp-block-column-is-layout-flow\"><\/div>\n<\/div>\n<\/div>\n<\/div>\n\n\n\n<div class=\"wp-block-group alignfull has-background has-global-padding is-layout-constrained wp-block-group-is-layout-constrained\" style=\"background-color:#7ca3a8\">\n<div class=\"wp-block-group is-nowrap is-layout-flex wp-container-core-group-is-layout-6c531013 wp-block-group-is-layout-flex\">\n<div class=\"wp-block-group is-nowrap is-layout-flex wp-container-core-group-is-layout-bf89e6b8 wp-block-group-is-layout-flex\" style=\"padding-top:var(--wp--preset--spacing--small);padding-bottom:var(--wp--preset--spacing--small)\">\n<div style=\"height:0px;width:0px\" aria-hidden=\"true\" class=\"wp-block-spacer wp-container-content-9760934e\"><\/div>\n\n\n\n<div class=\"wp-block-columns is-layout-flex wp-container-core-columns-is-layout-c375d253 wp-block-columns-is-layout-flex\">\n<div class=\"wp-block-column is-vertically-aligned-center is-layout-flow wp-block-column-is-layout-flow\">\n<h2 class=\"wp-block-heading has-text-color has-link-color has-large-font-size wp-elements-e531916781ba3e3f0bdeaf5c9da159ee\" style=\"color:#0c283f;text-transform:none\">Toimialakohtaisesti r\u00e4\u00e4t\u00e4l\u00f6ity kielisis\u00e4lt\u00f6<\/h2>\n\n\n\n<p class=\"has-text-color has-link-color wp-elements-9612e99a1c2a5a2e8bbbc8ea36655848\" style=\"color:#0c283f\"><strong>AliceAI Learning\u00ae -sovelluksen kielisis\u00e4lt\u00f6 on suunniteltu vastaamaan puolustussektorin ja terveydenhuoltoalan ammattilaisten erityisvaatimuksia.<\/strong> Sis\u00e4ll\u00f6t perustuvat aitoihin ty\u00f6el\u00e4m\u00e4n vuorovaikutustilanteisiin, ammatilliseen terminologiaan ja toimialakohtaisiin skenaarioihin. N\u00e4in oppiminen tukee suoraan k\u00e4ytt\u00e4j\u00e4n p\u00e4ivitt\u00e4ist\u00e4 ty\u00f6t\u00e4 ja todellisia tarpeita.<\/p>\n\n\n\n<p class=\"has-text-color has-link-color wp-elements-e3cf411e5515801c7e43ac0bc99dcfd2\" style=\"color:#0c283f\"><\/p>\n\n\n\n<p><\/p>\n\n\n\n<p><\/p>\n<\/div>\n<\/div>\n\n\n\n<div style=\"height:0px;width:0px\" aria-hidden=\"true\" class=\"wp-block-spacer wp-container-content-9760934e\"><\/div>\n<\/div>\n<\/div>\n<\/div>\n\n\n\n<div class=\"wp-block-group alignfull has-background has-global-padding is-layout-constrained wp-block-group-is-layout-constrained\" style=\"background-color:#083642\">\n<div class=\"wp-block-group has-global-padding is-layout-constrained wp-block-group-is-layout-constrained\" style=\"padding-top:var(--wp--preset--spacing--small);padding-bottom:var(--wp--preset--spacing--small)\">\n<div style=\"height:30px\" aria-hidden=\"true\" class=\"wp-block-spacer\"><\/div>\n\n\n\n<div class=\"wp-block-columns is-layout-flex wp-container-core-columns-is-layout-c375d253 wp-block-columns-is-layout-flex\">\n<div class=\"wp-block-column is-layout-flow wp-block-column-is-layout-flow\"><\/div>\n\n\n\n<div class=\"wp-block-column is-vertically-aligned-center is-layout-flow wp-block-column-is-layout-flow\">\n<h2 class=\"wp-block-heading has-white-color has-text-color has-link-color has-large-font-size wp-elements-6a0bbc412a866855ba6f2e328653a929\" style=\"text-transform:none\">Hallintaportaali tukee kieliosaamisen johtamista<\/h2>\n\n\n\n<p class=\"has-white-color has-text-color has-link-color wp-elements-0a93a1f046bfc897af5d66281d0e8107\"><strong>AliceAI Learning\u00ae -hallintaportaali tukee kieliosaamisen johtamista ja kehitt\u00e4mist\u00e4.<\/strong> Reaaliaikainen n\u00e4kym\u00e4 oppijoiden edistymiseen ja aktiivisuuteen auttaa organisaatioita tekem\u00e4\u00e4n tietoon perustuvia p\u00e4\u00e4t\u00f6ksi\u00e4. <br><br>Selke\u00e4t raportit ja analytiikka mahdollistavat kielikoulutuksen vaikuttavuuden seurannan, mik\u00e4 tukee kieliosaamisen strategista kehitt\u00e4mist\u00e4.<\/p>\n\n\n\n<div class=\"wp-block-buttons is-horizontal is-content-justification-left is-layout-flex wp-container-core-buttons-is-layout-20be11b6 wp-block-buttons-is-layout-flex\">\n<div class=\"wp-block-button is-style-outline is-style-outline--3\"><a class=\"wp-block-button__link has-white-color has-text-color has-background has-link-color has-border-color has-background-border-color wp-element-button\" href=\"https:\/\/www.aliceai.io\/?page_id=10\" style=\"border-radius:30px;background-color:#0c283f;padding-right:var(--wp--preset--spacing--small);padding-left:var(--wp--preset--spacing--small)\">Sovi demo<\/a><\/div>\n<\/div>\n<\/div>\n<\/div>\n\n\n\n<div style=\"height:30px\" aria-hidden=\"true\" class=\"wp-block-spacer\"><\/div>\n<\/div>\n<\/div>\n\n\n\n<div id=\"services\" class=\"wp-block-group alignfull pattern_multiple_covers has-background has-background-background-color has-global-padding is-layout-constrained wp-block-group-is-layout-constrained\" style=\"border-style:none;border-width:0px;min-height:0px;padding-top:0;padding-bottom:0\">\n<div style=\"height:84px;width:0px\" aria-hidden=\"true\" class=\"wp-block-spacer\"><\/div>\n\n\n\n<p class=\"has-text-align-left has-secondary-color has-text-color has-medium-font-size\" style=\"letter-spacing:1px\">KENELLE<\/p>\n\n\n\n<h2 class=\"wp-block-heading has-text-align-left has-primary-color has-text-color has-link-color has-large-font-size wp-elements-41b7790e855fadbd383b98d7021ab96c\">AliceAI Learning\u00ae on r\u00e4\u00e4t\u00e4l\u00f6ity puolustussektorin ja terveydenhuollon vaativiin toimintaymp\u00e4rist\u00f6ihin, joissa kielellinen varmuus tukee turvallista ja tehokasta toimintaa.<\/h2>\n\n\n\n<p class=\"has-text-align-left\"><\/p>\n\n\n\n<div style=\"height:46px;width:0px\" aria-hidden=\"true\" class=\"wp-block-spacer\"><\/div>\n\n\n\n<div class=\"wp-block-columns is-layout-flex wp-container-core-columns-is-layout-28f84493 wp-block-columns-is-layout-flex\">\n<div class=\"wp-block-column is-layout-flow wp-block-column-is-layout-flow\" style=\"padding-top:0;padding-right:0;padding-bottom:0;padding-left:0\">\n<div class=\"wp-block-cover has-custom-content-position is-position-bottom-left\" style=\"padding-top:var(--wp--preset--spacing--small);padding-right:var(--wp--preset--spacing--x-small);padding-bottom:var(--wp--preset--spacing--small);padding-left:var(--wp--preset--spacing--x-small)\"><img loading=\"lazy\" decoding=\"async\" width=\"1024\" height=\"576\" class=\"wp-block-cover__image-background wp-image-114 size-large\" alt=\"\" src=\"https:\/\/www.aliceai.io\/wp-content\/uploads\/2025\/12\/2-1024x576.jpg\" data-object-fit=\"cover\" srcset=\"https:\/\/www.aliceai.io\/wp-content\/uploads\/2025\/12\/2-1024x576.jpg 1024w, https:\/\/www.aliceai.io\/wp-content\/uploads\/2025\/12\/2-300x169.jpg 300w, https:\/\/www.aliceai.io\/wp-content\/uploads\/2025\/12\/2.jpg 1920w\" sizes=\"auto, (max-width: 1024px) 100vw, 1024px\" \/><span aria-hidden=\"true\" class=\"wp-block-cover__background has-primary-background-color has-background-dim-70 has-background-dim\"><\/span><div class=\"wp-block-cover__inner-container is-layout-flow wp-block-cover-is-layout-flow\">\n<h3 class=\"wp-block-heading has-white-color has-text-color\" style=\"margin-top:0;margin-right:0;margin-bottom:0;margin-left:0;font-size:clamp(18.959px, 1.185rem + ((1vw - 3.2px) * 0.977), 30px);\">AliceAI Learning\u00ae Defence<br><\/h3>\n\n\n\n<p class=\"has-secondary-color has-text-color has-link-color wp-elements-1cdd3cc40e1fa1fb5db899e8deaf3554\" style=\"margin-top:0;margin-right:0;margin-bottom:0;margin-left:0\"><a href=\"https:\/\/www.aliceai.io\/?page_id=69\" data-type=\"page\" data-id=\"69\">Katso lis\u00e4\u00e4 \u2192<\/a><\/p>\n<\/div><\/div>\n<\/div>\n\n\n\n<div class=\"wp-block-column is-layout-flow wp-block-column-is-layout-flow\" style=\"padding-top:0;padding-right:0;padding-bottom:0;padding-left:0\">\n<div class=\"wp-block-cover has-custom-content-position is-position-bottom-left\" style=\"padding-top:var(--wp--preset--spacing--small);padding-right:var(--wp--preset--spacing--x-small);padding-bottom:var(--wp--preset--spacing--small);padding-left:var(--wp--preset--spacing--x-small)\"><img loading=\"lazy\" decoding=\"async\" width=\"1024\" height=\"576\" class=\"wp-block-cover__image-background wp-image-115 size-large\" alt=\"\" src=\"https:\/\/www.aliceai.io\/wp-content\/uploads\/2025\/12\/3-1024x576.jpg\" data-object-fit=\"cover\" srcset=\"https:\/\/www.aliceai.io\/wp-content\/uploads\/2025\/12\/3-1024x576.jpg 1024w, https:\/\/www.aliceai.io\/wp-content\/uploads\/2025\/12\/3-300x169.jpg 300w, https:\/\/www.aliceai.io\/wp-content\/uploads\/2025\/12\/3.jpg 1920w\" sizes=\"auto, (max-width: 1024px) 100vw, 1024px\" \/><span aria-hidden=\"true\" class=\"wp-block-cover__background has-primary-background-color has-background-dim-70 has-background-dim\"><\/span><div class=\"wp-block-cover__inner-container is-layout-flow wp-block-cover-is-layout-flow\">\n<h3 class=\"wp-block-heading has-white-color has-text-color\" style=\"margin-top:0;margin-right:0;margin-bottom:0;margin-left:0;font-size:clamp(18.959px, 1.185rem + ((1vw - 3.2px) * 0.977), 30px);\">AliceAI Learning\u00ae Healthcare<br><\/h3>\n\n\n\n<p class=\"has-secondary-color has-text-color has-link-color wp-elements-85b86156309932a5cd10574d3fcc1ba6\" style=\"margin-top:0;margin-right:0;margin-bottom:0;margin-left:0\"><a href=\"https:\/\/www.aliceai.io\/?page_id=188\" data-type=\"page\" data-id=\"188\">Katso lis\u00e4\u00e4 \u2192<\/a><\/p>\n<\/div><\/div>\n<\/div>\n\n\n\n<div class=\"wp-block-column is-layout-flow wp-block-column-is-layout-flow\" style=\"padding-top:0;padding-right:0;padding-bottom:0;padding-left:0\">\n<div class=\"wp-block-cover has-custom-content-position is-position-bottom-left\" style=\"padding-top:var(--wp--preset--spacing--small);padding-right:var(--wp--preset--spacing--x-small);padding-bottom:var(--wp--preset--spacing--small);padding-left:var(--wp--preset--spacing--x-small)\"><img loading=\"lazy\" decoding=\"async\" width=\"1024\" height=\"576\" class=\"wp-block-cover__image-background wp-image-116 size-large\" alt=\"\" src=\"https:\/\/www.aliceai.io\/wp-content\/uploads\/2025\/12\/9-1024x576.jpg\" data-object-fit=\"cover\" srcset=\"https:\/\/www.aliceai.io\/wp-content\/uploads\/2025\/12\/9-1024x576.jpg 1024w, https:\/\/www.aliceai.io\/wp-content\/uploads\/2025\/12\/9-300x169.jpg 300w, https:\/\/www.aliceai.io\/wp-content\/uploads\/2025\/12\/9.jpg 1920w\" sizes=\"auto, (max-width: 1024px) 100vw, 1024px\" \/><span aria-hidden=\"true\" class=\"wp-block-cover__background has-primary-background-color has-background-dim-70 has-background-dim\"><\/span><div class=\"wp-block-cover__inner-container is-layout-flow wp-block-cover-is-layout-flow\">\n<h3 class=\"wp-block-heading has-white-color has-text-color\" style=\"margin-top:0;margin-right:0;margin-bottom:0;margin-left:0;font-size:clamp(18.959px, 1.185rem + ((1vw - 3.2px) * 0.977), 30px);\">AliceAI Learning\u00ae General FI<br><\/h3>\n\n\n\n<p class=\"has-secondary-color has-text-color has-link-color wp-elements-15aa200ad8d8247d42014031b6bfb006\" style=\"margin-top:0;margin-right:0;margin-bottom:0;margin-left:0\"><a href=\"https:\/\/www.aliceai.io\/?page_id=192\" data-type=\"page\" data-id=\"192\">Katso lis\u00e4\u00e4 \u2192<\/a><\/p>\n<\/div><\/div>\n<\/div>\n<\/div>\n\n\n\n<div style=\"height:103px;width:0px\" aria-hidden=\"true\" class=\"wp-block-spacer\"><\/div>\n<\/div>\n","protected":false},"excerpt":{"rendered":"<p>Ammattikielen oppimista mobiilisti AliceAI Learning\u00ae -mobiilisovellus on ammattikielen oppimiseen suunniteltu helppok\u00e4ytt\u00f6inen mobiilisovellus. Se toteuttaa puolustussektorin ja terveydenhuollon ammattirooleihin kohdennettua mobiilipohjaista oppimista. Lyhyet, mikro-oppimiseen perustuvat tuokiot on helppo rytmitt\u00e4\u00e4 osaksi ty\u00f6p\u00e4iv\u00e4\u00e4, jolloin ammattikielen kehitt\u00e4misest\u00e4 tulee luonteva p\u00e4ivitt\u00e4inen rutiini. V\u00e4lit\u00f6n palaute kohdistaa oppimisen olennaiseen ja nopeuttaa ammatillisen kielitaidon kehittymist\u00e4. J\u00e4rjestelm\u00e4 seuraa suorituksia ja tukee hallittua, vaiheittaista etenemist\u00e4. &hellip; <\/p>\n<p class=\"link-more\"><a href=\"https:\/\/www.aliceai.io\/?page_id=40\" class=\"more-link\">Read more<span class=\"screen-reader-text\"> &#8220;Palvelu&#8221;<\/span><\/a><\/p>\n","protected":false},"author":1,"featured_media":0,"parent":0,"menu_order":0,"comment_status":"closed","ping_status":"closed","template":"page-templates\/homepage-builder-bb.php","meta":{"inspiro_hide_title":false,"footnotes":""},"class_list":["post-40","page","type-page","status-publish","hentry"],"_links":{"self":[{"href":"https:\/\/www.aliceai.io\/index.php?rest_route=\/wp\/v2\/pages\/40","targetHints":{"allow":["GET"]}}],"collection":[{"href":"https:\/\/www.aliceai.io\/index.php?rest_route=\/wp\/v2\/pages"}],"about":[{"href":"https:\/\/www.aliceai.io\/index.php?rest_route=\/wp\/v2\/types\/page"}],"author":[{"embeddable":true,"href":"https:\/\/www.aliceai.io\/index.php?rest_route=\/wp\/v2\/users\/1"}],"replies":[{"embeddable":true,"href":"https:\/\/www.aliceai.io\/index.php?rest_route=%2Fwp%2Fv2%2Fcomments&post=40"}],"version-history":[{"count":43,"href":"https:\/\/www.aliceai.io\/index.php?rest_route=\/wp\/v2\/pages\/40\/revisions"}],"predecessor-version":[{"id":628,"href":"https:\/\/www.aliceai.io\/index.php?rest_route=\/wp\/v2\/pages\/40\/revisions\/628"}],"wp:attachment":[{"href":"https:\/\/www.aliceai.io\/index.php?rest_route=%2Fwp%2Fv2%2Fmedia&parent=40"}],"curies":[{"name":"wp","href":"https:\/\/api.w.org\/{rel}","templated":true}]}}