{"id":69,"date":"2025-12-23T10:59:00","date_gmt":"2025-12-23T10:59:00","guid":{"rendered":"http:\/\/www.aliceai.io\/?page_id=69"},"modified":"2026-02-19T14:41:06","modified_gmt":"2026-02-19T14:41:06","slug":"puolustus","status":"publish","type":"page","link":"https:\/\/www.aliceai.io\/?page_id=69","title":{"rendered":"Puolustus"},"content":{"rendered":"\n<div class=\"wp-block-cover alignfull\" style=\"margin-top:0;margin-bottom:0;padding-top:0;padding-bottom:0;min-height:700px;aspect-ratio:unset;\"><img loading=\"lazy\" decoding=\"async\" width=\"1024\" height=\"576\" class=\"wp-block-cover__image-background wp-image-450 size-large\" alt=\"\" src=\"https:\/\/www.aliceai.io\/wp-content\/uploads\/2026\/02\/2-1024x576.jpg\" style=\"object-position:50% 22%\" data-object-fit=\"cover\" data-object-position=\"50% 22%\" srcset=\"https:\/\/www.aliceai.io\/wp-content\/uploads\/2026\/02\/2-1024x576.jpg 1024w, https:\/\/www.aliceai.io\/wp-content\/uploads\/2026\/02\/2-300x169.jpg 300w, https:\/\/www.aliceai.io\/wp-content\/uploads\/2026\/02\/2.jpg 1920w\" sizes=\"auto, (max-width: 1024px) 100vw, 1024px\" \/><span aria-hidden=\"true\" class=\"wp-block-cover__background has-background-dim-40 has-background-dim\" style=\"background-color:#19666c\"><\/span><div class=\"wp-block-cover__inner-container has-global-padding is-layout-constrained wp-block-cover-is-layout-constrained\">\n<p><\/p>\n\n\n\n<div class=\"wp-block-columns is-layout-flex wp-container-core-columns-is-layout-28f84493 wp-block-columns-is-layout-flex\">\n<div class=\"wp-block-column is-layout-flow wp-block-column-is-layout-flow\"><\/div>\n\n\n\n<div class=\"wp-block-column is-layout-flow wp-block-column-is-layout-flow\">\n<p><\/p>\n\n\n\n<p><\/p>\n\n\n\n<p><\/p>\n\n\n\n<p><\/p>\n\n\n\n<p><\/p>\n\n\n\n<p class=\"has-x-large-font-size\">AliceAI Learning\u00ae Defence<\/p>\n\n\n\n<p class=\"has-medium-font-size\">Toimintakyky\u00e4 ja varmuutta englanniksi \u2013 <br>kent\u00e4lt\u00e4 johtamiseen.<\/p>\n<\/div>\n<\/div>\n\n\n\n<div style=\"height:55px\" aria-hidden=\"true\" class=\"wp-block-spacer\"><\/div>\n<\/div><\/div>\n\n\n\n<div class=\"wp-block-cover alignfull is-light is-position-center-center\" style=\"border-radius:0px\"><span aria-hidden=\"true\" class=\"wp-block-cover__background has-background-background-color has-background-dim-100 has-background-dim\"><\/span><div class=\"wp-block-cover__inner-container is-layout-flow wp-block-cover-is-layout-flow\">\n<div class=\"wp-block-group has-global-padding is-layout-constrained wp-block-group-is-layout-constrained\">\n<h3 class=\"wp-block-heading has-text-align-center has-text-color has-large-font-size\" style=\"color:#7ca3a8;text-transform:none\">AliceAI Learning\u00ae Defence vahvistaa puolustussektorin ammattilaisten toimintakyky\u00e4 varmistamalla englanninkielisen viestinn\u00e4n sujuvuuden my\u00f6s kaikkein vaativimmissa tilanteissa.<\/h3>\n\n\n\n<p class=\"has-text-align-center has-white-color has-text-color\"><\/p>\n<\/div>\n<\/div><\/div>\n\n\n\n<div class=\"wp-block-group alignfull has-background has-global-padding is-layout-constrained wp-block-group-is-layout-constrained\" style=\"background-color:#f1f3ff\">\n<div class=\"wp-block-group has-global-padding is-layout-constrained wp-block-group-is-layout-constrained\" style=\"padding-top:var(--wp--preset--spacing--small);padding-bottom:var(--wp--preset--spacing--small)\">\n<div style=\"height:30px\" aria-hidden=\"true\" class=\"wp-block-spacer\"><\/div>\n\n\n\n<div class=\"wp-block-columns is-layout-flex wp-container-core-columns-is-layout-c375d253 wp-block-columns-is-layout-flex\">\n<div class=\"wp-block-column is-vertically-aligned-center is-layout-flow wp-block-column-is-layout-flow\">\n<h2 class=\"wp-block-heading has-text-color has-link-color has-large-font-size wp-elements-7b8d533c3f6706c4f2b13aa5dcb13873\" style=\"color:#0c283f;text-transform:none\">Toimiva maanpuolustusyhteisty\u00f6<\/h2>\n\n\n\n<p class=\"has-text-color has-link-color wp-elements-e914efdf4b9fe066937849a485f6fd6a\" style=\"color:#0c283f\">AliceAI Learning\u00ae Defence auttaa kansainv\u00e4lisess\u00e4 maanpuolustusyhteisty\u00f6ss\u00e4 toimivia viestim\u00e4\u00e4n t\u00e4sm\u00e4llisesti yhteisten toimintamallien mukaisesti.<br><br>Ratkaisu vahvistaa ammattilaisten toimintakyky\u00e4 ja varmuutta viesti\u00e4 englannin kielell\u00e4 vaativissa ja kriittisiss\u00e4 tilanteissa \u2013 kent\u00e4lt\u00e4 johtamiseen.<br><br>Lopputuloksena ammattilainen voi keskitty\u00e4 teht\u00e4v\u00e4\u00e4ns\u00e4 ilman huolta kielitaidon riitt\u00e4vyydest\u00e4 ja hy\u00f6dynt\u00e4\u00e4 t\u00e4yden ammatillisen potentiaalinsa, mik\u00e4 vahvistaa tiimien yhteistoimintaa korkean vaatimustason toimintaymp\u00e4rist\u00f6iss\u00e4.<br><br>AliceAI Learning\u00ae toteuttaa kohdennettua, roolipohjaista ja skenaarioihin perustuvaa mobiilipohjaista oppimista, joka integroituu saumattomasti puolustussektorin ammattilaisten arkeen ilman paikkasidonnaisuutta.<\/p>\n\n\n\n<div class=\"wp-block-buttons is-horizontal is-content-justification-left is-layout-flex wp-container-core-buttons-is-layout-20be11b6 wp-block-buttons-is-layout-flex\">\n<div class=\"wp-block-button is-style-outline is-style-outline--1\"><a class=\"wp-block-button__link has-white-color has-text-color has-background has-link-color wp-element-button\" href=\"https:\/\/www.aliceai.io\/?page_id=10\" style=\"border-radius:60px;background-color:#0c283f;padding-right:var(--wp--preset--spacing--medium);padding-left:var(--wp--preset--spacing--medium)\">Ota yhteytt\u00e4<\/a><\/div>\n<\/div>\n\n\n\n<p><\/p>\n<\/div>\n\n\n\n<div class=\"wp-block-column is-layout-flow wp-block-column-is-layout-flow\">\n<figure class=\"wp-block-image size-full\"><img loading=\"lazy\" decoding=\"async\" width=\"511\" height=\"570\" src=\"https:\/\/www.aliceai.io\/wp-content\/uploads\/2025\/12\/defence_1.jpg\" alt=\"\" class=\"wp-image-156\" srcset=\"https:\/\/www.aliceai.io\/wp-content\/uploads\/2025\/12\/defence_1.jpg 511w, https:\/\/www.aliceai.io\/wp-content\/uploads\/2025\/12\/defence_1-269x300.jpg 269w\" sizes=\"auto, (max-width: 511px) 100vw, 511px\" \/><\/figure>\n<\/div>\n<\/div>\n\n\n\n<div style=\"height:30px\" aria-hidden=\"true\" class=\"wp-block-spacer\"><\/div>\n<\/div>\n<\/div>\n\n\n\n<div class=\"wp-block-group alignfull has-background has-global-padding is-layout-constrained wp-block-group-is-layout-constrained\" style=\"background-color:#7ca3a8\">\n<div class=\"wp-block-group has-global-padding is-layout-constrained wp-block-group-is-layout-constrained\" style=\"padding-top:var(--wp--preset--spacing--small);padding-bottom:var(--wp--preset--spacing--small)\">\n<div style=\"height:30px\" aria-hidden=\"true\" class=\"wp-block-spacer\"><\/div>\n\n\n\n<div class=\"wp-block-columns is-layout-flex wp-container-core-columns-is-layout-c375d253 wp-block-columns-is-layout-flex\">\n<div class=\"wp-block-column is-vertically-aligned-center is-layout-flow wp-block-column-is-layout-flow\">\n<p class=\"has-text-color has-link-color has-medium-font-size wp-elements-542910d0069abd9da7dae48704830a3f\" style=\"color:#0c283f;letter-spacing:1px\">REFERENSSIT PUOLUSTUSSEKTORILLA<\/p>\n\n\n\n<h2 class=\"wp-block-heading has-text-color has-link-color has-large-font-size wp-elements-e2b2467800fd1adb3926996c88fdb9a8\" style=\"color:#0c283f;text-transform:none\">Maanpuolustuskorkeakoulu<\/h2>\n\n\n\n<p class=\"has-text-color has-link-color has-medium-font-size wp-elements-cc6d208ac9386bd760530a202cb3c1e8\" style=\"color:#0c283f\"><strong>Maanpuolustuskorkeakoulu on tilannut AliceAI Learning\u00ae -sovelluksen tukemaan kadettien ammatillista englanninkielist\u00e4 viestin\u00e4\u00e4.<\/strong> Ratkaisun tavoitteena on vahvistaa kielitaitoa ty\u00f6el\u00e4m\u00e4l\u00e4ht\u00f6isesti niiss\u00e4 tilanteissa, joissa t\u00e4sm\u00e4llinen ja sujuva viestint\u00e4 on keskeinen osa kansainv\u00e4list\u00e4 yhteisty\u00f6t\u00e4. Ensimm\u00e4inen pilottik\u00e4ytt\u00f6 alkaa tammikuussa 2026.<\/p>\n\n\n\n<p class=\"has-text-color has-link-color has-medium-font-size wp-elements-fd951b6abaf88a2e1f0ec03a1c476685\" style=\"color:#0c283f\">Yhteisty\u00f6 Maanpuolustuskorkeakoulun kanssa on AliceAI Learningille merkitt\u00e4v\u00e4 avaus puolustussektorilla. Se osoittaa, ett\u00e4 ty\u00f6el\u00e4m\u00e4l\u00e4ht\u00f6isell\u00e4, pedagogisesti perustellulla ja teknologisesti edistyneell\u00e4 ratkaisullamme on kysynt\u00e4\u00e4 korkean vaatimustason toimintaymp\u00e4rist\u00f6iss\u00e4.<\/p>\n\n\n\n<figure class=\"wp-block-image size-full is-resized\"><img loading=\"lazy\" decoding=\"async\" width=\"450\" height=\"203\" src=\"https:\/\/www.aliceai.io\/wp-content\/uploads\/2025\/12\/MPKK_logo.png\" alt=\"\" class=\"wp-image-295\" style=\"width:352px;height:auto\" srcset=\"https:\/\/www.aliceai.io\/wp-content\/uploads\/2025\/12\/MPKK_logo.png 450w, https:\/\/www.aliceai.io\/wp-content\/uploads\/2025\/12\/MPKK_logo-300x135.png 300w\" sizes=\"auto, (max-width: 450px) 100vw, 450px\" \/><\/figure>\n\n\n\n<div class=\"wp-block-buttons is-horizontal is-content-justification-left is-layout-flex wp-container-core-buttons-is-layout-20be11b6 wp-block-buttons-is-layout-flex\"><\/div>\n\n\n\n<p><\/p>\n<\/div>\n<\/div>\n\n\n\n<div style=\"height:30px\" aria-hidden=\"true\" class=\"wp-block-spacer\"><\/div>\n<\/div>\n<\/div>\n\n\n\n<div id=\"services\" class=\"wp-block-group alignfull pattern_multiple_covers has-background has-white-background-color has-global-padding is-layout-constrained wp-block-group-is-layout-constrained\" style=\"border-style:none;border-width:0px;min-height:0px;padding-top:0;padding-bottom:0\">\n<div style=\"height:84px;width:0px\" aria-hidden=\"true\" class=\"wp-block-spacer\"><\/div>\n\n\n\n<p class=\"has-text-align-center has-secondary-color has-text-color has-small-font-size\" style=\"letter-spacing:1px\">KENELLE<\/p>\n\n\n\n<h2 class=\"wp-block-heading has-text-align-center has-large-font-size\">R\u00e4\u00e4t\u00e4l\u00f6ity puolustussektorin ja terveydenhuollon vaativiin toimintaymp\u00e4rist\u00f6ihin.<\/h2>\n\n\n\n<div style=\"height:46px;width:0px\" aria-hidden=\"true\" class=\"wp-block-spacer\"><\/div>\n\n\n\n<div class=\"wp-block-columns is-layout-flex wp-container-core-columns-is-layout-28f84493 wp-block-columns-is-layout-flex\">\n<div class=\"wp-block-column is-layout-flow wp-block-column-is-layout-flow\" style=\"padding-top:0;padding-right:0;padding-bottom:0;padding-left:0\">\n<div class=\"wp-block-cover has-custom-content-position is-position-bottom-left\" style=\"padding-top:var(--wp--preset--spacing--small);padding-right:var(--wp--preset--spacing--x-small);padding-bottom:var(--wp--preset--spacing--small);padding-left:var(--wp--preset--spacing--x-small)\"><img loading=\"lazy\" decoding=\"async\" width=\"1024\" height=\"576\" class=\"wp-block-cover__image-background wp-image-114 size-large\" alt=\"\" src=\"https:\/\/www.aliceai.io\/wp-content\/uploads\/2025\/12\/2-1024x576.jpg\" data-object-fit=\"cover\" srcset=\"https:\/\/www.aliceai.io\/wp-content\/uploads\/2025\/12\/2-1024x576.jpg 1024w, https:\/\/www.aliceai.io\/wp-content\/uploads\/2025\/12\/2-300x169.jpg 300w, https:\/\/www.aliceai.io\/wp-content\/uploads\/2025\/12\/2.jpg 1920w\" sizes=\"auto, (max-width: 1024px) 100vw, 1024px\" \/><span aria-hidden=\"true\" class=\"wp-block-cover__background has-primary-background-color has-background-dim-70 has-background-dim\"><\/span><div class=\"wp-block-cover__inner-container is-layout-flow wp-block-cover-is-layout-flow\">\n<h3 class=\"wp-block-heading has-white-color has-text-color\" style=\"margin-top:0;margin-right:0;margin-bottom:0;margin-left:0;font-size:clamp(18.959px, 1.185rem + ((1vw - 3.2px) * 0.977), 30px);\">AliceAI Learning\u00ae Defence <\/h3>\n\n\n\n<p><\/p>\n\n\n\n<p class=\"has-secondary-color has-text-color has-link-color wp-elements-1cdd3cc40e1fa1fb5db899e8deaf3554\" style=\"margin-top:0;margin-right:0;margin-bottom:0;margin-left:0\"><a href=\"https:\/\/www.aliceai.io\/?page_id=69\" data-type=\"page\" data-id=\"69\">Katso lis\u00e4\u00e4 \u2192<\/a><\/p>\n<\/div><\/div>\n<\/div>\n\n\n\n<div class=\"wp-block-column is-layout-flow wp-block-column-is-layout-flow\" style=\"padding-top:0;padding-right:0;padding-bottom:0;padding-left:0\">\n<div class=\"wp-block-cover has-custom-content-position is-position-bottom-left\" style=\"padding-top:var(--wp--preset--spacing--small);padding-right:var(--wp--preset--spacing--x-small);padding-bottom:var(--wp--preset--spacing--small);padding-left:var(--wp--preset--spacing--x-small)\"><img loading=\"lazy\" decoding=\"async\" width=\"1024\" height=\"576\" class=\"wp-block-cover__image-background wp-image-115 size-large\" alt=\"\" src=\"https:\/\/www.aliceai.io\/wp-content\/uploads\/2025\/12\/3-1024x576.jpg\" data-object-fit=\"cover\" srcset=\"https:\/\/www.aliceai.io\/wp-content\/uploads\/2025\/12\/3-1024x576.jpg 1024w, https:\/\/www.aliceai.io\/wp-content\/uploads\/2025\/12\/3-300x169.jpg 300w, https:\/\/www.aliceai.io\/wp-content\/uploads\/2025\/12\/3.jpg 1920w\" sizes=\"auto, (max-width: 1024px) 100vw, 1024px\" \/><span aria-hidden=\"true\" class=\"wp-block-cover__background has-primary-background-color has-background-dim-70 has-background-dim\"><\/span><div class=\"wp-block-cover__inner-container is-layout-flow wp-block-cover-is-layout-flow\">\n<h3 class=\"wp-block-heading has-white-color has-text-color\" style=\"margin-top:0;margin-right:0;margin-bottom:0;margin-left:0;font-size:clamp(18.959px, 1.185rem + ((1vw - 3.2px) * 0.977), 30px);\">AliceAI Learning\u00ae Healthcare<br><\/h3>\n\n\n\n<p class=\"has-secondary-color has-text-color has-link-color wp-elements-85b86156309932a5cd10574d3fcc1ba6\" style=\"margin-top:0;margin-right:0;margin-bottom:0;margin-left:0\"><a href=\"https:\/\/www.aliceai.io\/?page_id=188\" data-type=\"page\" data-id=\"188\">Katso lis\u00e4\u00e4 \u2192<\/a><\/p>\n<\/div><\/div>\n<\/div>\n\n\n\n<div class=\"wp-block-column is-layout-flow wp-block-column-is-layout-flow\" style=\"padding-top:0;padding-right:0;padding-bottom:0;padding-left:0\">\n<div class=\"wp-block-cover has-custom-content-position is-position-bottom-left\" style=\"padding-top:var(--wp--preset--spacing--small);padding-right:var(--wp--preset--spacing--x-small);padding-bottom:var(--wp--preset--spacing--small);padding-left:var(--wp--preset--spacing--x-small)\"><img loading=\"lazy\" decoding=\"async\" width=\"1024\" height=\"576\" class=\"wp-block-cover__image-background wp-image-116 size-large\" alt=\"\" src=\"https:\/\/www.aliceai.io\/wp-content\/uploads\/2025\/12\/9-1024x576.jpg\" data-object-fit=\"cover\" srcset=\"https:\/\/www.aliceai.io\/wp-content\/uploads\/2025\/12\/9-1024x576.jpg 1024w, https:\/\/www.aliceai.io\/wp-content\/uploads\/2025\/12\/9-300x169.jpg 300w, https:\/\/www.aliceai.io\/wp-content\/uploads\/2025\/12\/9.jpg 1920w\" sizes=\"auto, (max-width: 1024px) 100vw, 1024px\" \/><span aria-hidden=\"true\" class=\"wp-block-cover__background has-primary-background-color has-background-dim-70 has-background-dim\"><\/span><div class=\"wp-block-cover__inner-container is-layout-flow wp-block-cover-is-layout-flow\">\n<h3 class=\"wp-block-heading has-white-color has-text-color\" style=\"margin-top:0;margin-right:0;margin-bottom:0;margin-left:0;font-size:clamp(18.959px, 1.185rem + ((1vw - 3.2px) * 0.977), 30px);\">AliceAI Learning\u00ae General FI<br><\/h3>\n\n\n\n<p class=\"has-secondary-color has-text-color has-link-color wp-elements-15aa200ad8d8247d42014031b6bfb006\" style=\"margin-top:0;margin-right:0;margin-bottom:0;margin-left:0\"><a href=\"https:\/\/www.aliceai.io\/?page_id=192\" data-type=\"page\" data-id=\"192\">Katso lis\u00e4\u00e4 \u2192<\/a><\/p>\n<\/div><\/div>\n<\/div>\n<\/div>\n\n\n\n<div style=\"height:103px;width:0px\" aria-hidden=\"true\" class=\"wp-block-spacer\"><\/div>\n<\/div>\n\n\n\n<p><\/p>\n","protected":false},"excerpt":{"rendered":"<p>Toimiva maanpuolustusyhteisty\u00f6 AliceAI Learning\u00ae Defence auttaa kansainv\u00e4lisess\u00e4 maanpuolustusyhteisty\u00f6ss\u00e4 toimivia viestim\u00e4\u00e4n t\u00e4sm\u00e4llisesti yhteisten toimintamallien mukaisesti. Ratkaisu vahvistaa ammattilaisten toimintakyky\u00e4 ja varmuutta viesti\u00e4 englannin kielell\u00e4 vaativissa ja kriittisiss\u00e4 tilanteissa \u2013 kent\u00e4lt\u00e4 johtamiseen. Lopputuloksena ammattilainen voi keskitty\u00e4 teht\u00e4v\u00e4\u00e4ns\u00e4 ilman huolta kielitaidon riitt\u00e4vyydest\u00e4 ja hy\u00f6dynt\u00e4\u00e4 t\u00e4yden ammatillisen potentiaalinsa, mik\u00e4 vahvistaa tiimien yhteistoimintaa korkean vaatimustason toimintaymp\u00e4rist\u00f6iss\u00e4. AliceAI Learning\u00ae toteuttaa kohdennettua, &hellip; <\/p>\n<p class=\"link-more\"><a href=\"https:\/\/www.aliceai.io\/?page_id=69\" class=\"more-link\">Read more<span class=\"screen-reader-text\"> &#8220;Puolustus&#8221;<\/span><\/a><\/p>\n","protected":false},"author":1,"featured_media":0,"parent":0,"menu_order":0,"comment_status":"closed","ping_status":"closed","template":"page-templates\/homepage-builder-bb.php","meta":{"inspiro_hide_title":false,"footnotes":""},"class_list":["post-69","page","type-page","status-publish","hentry"],"_links":{"self":[{"href":"https:\/\/www.aliceai.io\/index.php?rest_route=\/wp\/v2\/pages\/69","targetHints":{"allow":["GET"]}}],"collection":[{"href":"https:\/\/www.aliceai.io\/index.php?rest_route=\/wp\/v2\/pages"}],"about":[{"href":"https:\/\/www.aliceai.io\/index.php?rest_route=\/wp\/v2\/types\/page"}],"author":[{"embeddable":true,"href":"https:\/\/www.aliceai.io\/index.php?rest_route=\/wp\/v2\/users\/1"}],"replies":[{"embeddable":true,"href":"https:\/\/www.aliceai.io\/index.php?rest_route=%2Fwp%2Fv2%2Fcomments&post=69"}],"version-history":[{"count":43,"href":"https:\/\/www.aliceai.io\/index.php?rest_route=\/wp\/v2\/pages\/69\/revisions"}],"predecessor-version":[{"id":623,"href":"https:\/\/www.aliceai.io\/index.php?rest_route=\/wp\/v2\/pages\/69\/revisions\/623"}],"wp:attachment":[{"href":"https:\/\/www.aliceai.io\/index.php?rest_route=%2Fwp%2Fv2%2Fmedia&parent=69"}],"curies":[{"name":"wp","href":"https:\/\/api.w.org\/{rel}","templated":true}]}}